{"id":475,"date":"2025-06-17T13:04:33","date_gmt":"2025-06-17T13:04:33","guid":{"rendered":"https:\/\/luana-hallein.at\/neues\/?page_id=475"},"modified":"2026-04-05T16:18:54","modified_gmt":"2026-04-05T16:18:54","slug":"home","status":"publish","type":"page","link":"https:\/\/luana-hallein.at\/neues\/","title":{"rendered":"Home"},"content":{"rendered":"<section class=\"l-section wpb_row height_medium\"><div class=\"l-section-h i-cf\"><div class=\"g-cols vc_row via_grid cols_2 laptops-cols_inherit tablets-cols_inherit mobiles-cols_1 valign_top type_default stacking_default\"><div class=\"wpb_column vc_column_container\"><div class=\"vc_column-inner\"><div class=\"wpb_text_column\"><div class=\"wpb_wrapper\"><h3>15 Jahre Herz f\u00fcr Hallein<\/h3>\n<p><img loading=\"lazy\" decoding=\"async\" class=\"alignnone size-medium wp-image-659\" src=\"https:\/\/luana-hallein.at\/neues\/wp-content\/uploads\/2026\/03\/foto_6846-300x300.jpg\" alt=\"\" width=\"300\" height=\"300\" srcset=\"https:\/\/luana-hallein.at\/neues\/wp-content\/uploads\/2026\/03\/foto_6846-300x300.jpg 300w, https:\/\/luana-hallein.at\/neues\/wp-content\/uploads\/2026\/03\/foto_6846-150x150.jpg 150w, https:\/\/luana-hallein.at\/neues\/wp-content\/uploads\/2026\/03\/foto_6846-600x600.jpg 600w, https:\/\/luana-hallein.at\/neues\/wp-content\/uploads\/2026\/03\/foto_6846.jpg 800w\" sizes=\"auto, (max-width: 300px) 100vw, 300px\" \/><\/p>\n<p class=\"isSelectedEnd\"><span>Stellt euch vor: Ich werde heuer tats\u00e4chlich schon <strong>26<\/strong><\/span><strong><span>15 Jahre alt<\/span><\/strong><span>! Kaum zu glauben, wie schnell die Zeit vergeht. Meine Koboldfreunde und ich sind schon ganz aufgeregt \u2013 so ein Geburtstag muss schlie\u00dflich ordentlich gefeiert werden.<\/span><\/p>\n<p class=\"isSelectedEnd\"><span>Bei uns im Koboldreich wird deshalb schon flei\u00dfig <\/span><strong><span>gebastelt, gewerkt und heimlich getuschelt<\/span><\/strong><span>. Da werden Girlanden gekn\u00fcpft, kleine \u00dcberraschungen vorbereitet und nat\u00fcrlich ganz viele Ideen gesammelt. Schlie\u00dflich soll es ein ganz besonderer Tag werden.<\/span><\/p>\n<p class=\"isSelectedEnd\"><span>Was genau wir planen? Das verraten wir nat\u00fcrlich noch nicht! Ein bisschen Geheimnis muss schlie\u00dflich sein.<\/span><\/p>\n<p class=\"isSelectedEnd\"><span>Aber so viel kann ich euch schon sagen: Es wird <\/span><strong><span>bunt, fr\u00f6hlich und koboldm\u00e4\u00dfig lustig<\/span><\/strong><span>.<\/span><\/p>\n<p><span>Mehr dazu erz\u00e4hle ich euch demn\u00e4chst \u2013 bleibt also gespannt!<\/span><\/p>\n<\/div><\/div><\/div><\/div><div class=\"wpb_column vc_column_container\"><div class=\"vc_column-inner\"><div class=\"wpb_text_column\"><div class=\"wpb_wrapper\"><h3>Foto des Monats<\/h3>\n<p class=\"isSelectedEnd\"><span><img loading=\"lazy\" decoding=\"async\" class=\"size-medium wp-image-672 alignnone\" src=\"https:\/\/luana-hallein.at\/neues\/wp-content\/uploads\/2026\/04\/april_6314th-300x300.jpg\" alt=\"Foto des Monats April\" width=\"300\" height=\"300\" srcset=\"https:\/\/luana-hallein.at\/neues\/wp-content\/uploads\/2026\/04\/april_6314th-300x300.jpg 300w, https:\/\/luana-hallein.at\/neues\/wp-content\/uploads\/2026\/04\/april_6314th-150x150.jpg 150w, https:\/\/luana-hallein.at\/neues\/wp-content\/uploads\/2026\/04\/april_6314th-600x600.jpg 600w, https:\/\/luana-hallein.at\/neues\/wp-content\/uploads\/2026\/04\/april_6314th.jpg 800w\" sizes=\"auto, (max-width: 300px) 100vw, 300px\" \/><\/span><\/p>\n<p class=\"isSelectedEnd\"><span>Bei traumhaftem Fr\u00fchlingswetter zeigt sich der April von seiner sch\u00f6nsten Seite: strahlender Sonnenschein, milde Temperaturen und ein Garten, der langsam zum Leben erwacht. Genau hier, im idyllischen Garten des Halleiner\u00a0Keltenmuseums, geht Snifflsneff, der ber\u00fchmt-ber\u00fcchtigte Skandalschn\u00fcffler, seiner ganz eigenen Mission nach.<\/span><\/p>\n<p class=\"isSelectedEnd\"><span>Mit wachem Blick und feiner Sp\u00fcrnase widmet er sich seiner \u201ePost\u201c \u2013 was genau darunter zu verstehen ist, bleibt wie immer ein kleines Geheimnis. Zwischen bl\u00fchenden Beeten und historischen Mauern scheint er jedoch voll in seinem Element zu sein. Vielleicht sind es versteckte Hinweise, vielleicht alte Geschichten, die er aufsp\u00fcrt \u2013 oder einfach nur die besten Pl\u00e4tze, um die Fr\u00fchlingssonne zu genie\u00dfen.<\/span><\/p>\n<p><span>Eines ist sicher: Wenn Snifflsneff unterwegs ist, wird es garantiert nicht langweilig. Und so f\u00e4ngt dieses Bild nicht nur einen Moment ein, sondern erz\u00e4hlt eine kleine Geschichte \u2013 von Neugier, Entdeckungslust und einem Apriltag, wie man ihn sich sch\u00f6ner kaum w\u00fcnschen kann.<\/span><\/p>\n<\/div><\/div><\/div><\/div><\/div><\/div><\/section><section class=\"l-section wpb_row height_medium\"><div class=\"l-section-h i-cf\"><div class=\"g-cols vc_row via_grid cols_1 laptops-cols_inherit tablets-cols_inherit mobiles-cols_1 valign_top type_default stacking_default\"><div class=\"wpb_column vc_column_container\"><div class=\"vc_column-inner\"><div class=\"wpb_text_column\"><div class=\"wpb_wrapper\"><div>Die Seite wird derzeit neu gestaltet. Impressum, Datenschutz, Kontakt, etc. finden Sie auf der bisherigen Homepage.<\/div>\n<div><a href=\"https:\/\/www.luana-hallein.at\/home.html\">www.luana-hallein.at<\/a><\/div>\n<\/div><\/div><\/div><\/div><\/div><\/div><\/section>\n","protected":false},"excerpt":{"rendered":"15 Jahre Herz f\u00fcr Hallein Stellt euch vor: Ich werde heuer tats\u00e4chlich schon 2615 Jahre alt! Kaum zu glauben, wie schnell die Zeit vergeht. Meine Koboldfreunde und ich sind schon ganz aufgeregt \u2013 so ein Geburtstag muss schlie\u00dflich ordentlich gefeiert werden. Bei uns im Koboldreich wird deshalb schon flei\u00dfig gebastelt, gewerkt und heimlich getuschelt. Da...","protected":false},"author":1,"featured_media":0,"parent":0,"menu_order":0,"comment_status":"closed","ping_status":"closed","template":"","meta":{"_monsterinsights_skip_tracking":false,"_monsterinsights_sitenote_active":false,"_monsterinsights_sitenote_note":"","_monsterinsights_sitenote_category":0,"footnotes":""},"class_list":["post-475","page","type-page","status-publish","hentry"],"yoast_head":"<!-- This site is optimized with the Yoast SEO plugin v27.1.1 - https:\/\/yoast.com\/product\/yoast-seo-wordpress\/ -->\n<title>Home - Luana, das Keltenkoboldm\u00e4dchen aus Hallein<\/title>\n<meta name=\"description\" content=\"15 Jahre Luana, das Keltenkoboldm\u00e4dchen aus Hallein. Meine Koboldfreunde und ich sind schon ganz aufgeregt. Mehr dazu demn\u00e4chst \u2026\" \/>\n<meta name=\"robots\" content=\"index, follow, max-snippet:-1, max-image-preview:large, max-video-preview:-1\" \/>\n<link rel=\"canonical\" href=\"https:\/\/luana-hallein.at\/neues\/\" \/>\n<meta property=\"og:locale\" content=\"de_DE\" \/>\n<meta property=\"og:type\" content=\"article\" \/>\n<meta property=\"og:title\" content=\"Home - Luana, das Keltenkoboldm\u00e4dchen aus Hallein\" \/>\n<meta property=\"og:description\" content=\"15 Jahre Luana, das Keltenkoboldm\u00e4dchen aus Hallein. Meine Koboldfreunde und ich sind schon ganz aufgeregt. Mehr dazu demn\u00e4chst \u2026\" \/>\n<meta property=\"og:url\" content=\"https:\/\/luana-hallein.at\/neues\/\" \/>\n<meta property=\"og:site_name\" content=\"Luana, das Keltenkoboldm\u00e4dchen aus Hallein\" \/>\n<meta property=\"article:modified_time\" content=\"2026-04-05T16:18:54+00:00\" \/>\n<meta property=\"og:image\" content=\"https:\/\/luana-hallein.at\/neues\/wp-content\/uploads\/2026\/03\/foto_6846.jpg\" \/>\n\t<meta property=\"og:image:width\" content=\"800\" \/>\n\t<meta property=\"og:image:height\" content=\"800\" \/>\n\t<meta property=\"og:image:type\" content=\"image\/jpeg\" \/>\n<meta name=\"twitter:card\" content=\"summary_large_image\" \/>\n<meta name=\"twitter:label1\" content=\"Gesch\u00e4tzte Lesezeit\" \/>\n\t<meta name=\"twitter:data1\" content=\"2\u00a0Minuten\" \/>\n<script type=\"application\/ld+json\" class=\"yoast-schema-graph\">{\"@context\":\"https:\/\/schema.org\",\"@graph\":[{\"@type\":\"WebPage\",\"@id\":\"https:\/\/luana-hallein.at\/neues\/\",\"url\":\"https:\/\/luana-hallein.at\/neues\/\",\"name\":\"Home - Luana, das Keltenkoboldm\u00e4dchen aus Hallein\",\"isPartOf\":{\"@id\":\"https:\/\/luana-hallein.at\/neues\/#website\"},\"primaryImageOfPage\":{\"@id\":\"https:\/\/luana-hallein.at\/neues\/#primaryimage\"},\"image\":{\"@id\":\"https:\/\/luana-hallein.at\/neues\/#primaryimage\"},\"thumbnailUrl\":\"https:\/\/luana-hallein.at\/neues\/wp-content\/uploads\/2026\/03\/foto_6846-300x300.jpg\",\"datePublished\":\"2025-06-17T13:04:33+00:00\",\"dateModified\":\"2026-04-05T16:18:54+00:00\",\"description\":\"15 Jahre Luana, das Keltenkoboldm\u00e4dchen aus Hallein. Meine Koboldfreunde und ich sind schon ganz aufgeregt. Mehr dazu demn\u00e4chst \u2026\",\"breadcrumb\":{\"@id\":\"https:\/\/luana-hallein.at\/neues\/#breadcrumb\"},\"inLanguage\":\"de\",\"potentialAction\":[{\"@type\":\"ReadAction\",\"target\":[\"https:\/\/luana-hallein.at\/neues\/\"]}]},{\"@type\":\"ImageObject\",\"inLanguage\":\"de\",\"@id\":\"https:\/\/luana-hallein.at\/neues\/#primaryimage\",\"url\":\"https:\/\/luana-hallein.at\/neues\/wp-content\/uploads\/2026\/03\/foto_6846.jpg\",\"contentUrl\":\"https:\/\/luana-hallein.at\/neues\/wp-content\/uploads\/2026\/03\/foto_6846.jpg\",\"width\":800,\"height\":800},{\"@type\":\"BreadcrumbList\",\"@id\":\"https:\/\/luana-hallein.at\/neues\/#breadcrumb\",\"itemListElement\":[{\"@type\":\"ListItem\",\"position\":1,\"name\":\"Startseite\",\"item\":\"https:\/\/luana-hallein.at\/neues\/\"},{\"@type\":\"ListItem\",\"position\":2,\"name\":\"Home\"}]},{\"@type\":\"WebSite\",\"@id\":\"https:\/\/luana-hallein.at\/neues\/#website\",\"url\":\"https:\/\/luana-hallein.at\/neues\/\",\"name\":\"Luana, das Keltenkoboldm\u00e4dchen aus Hallein\",\"description\":\"Hallein - eine Stadt zum Verlieben\",\"potentialAction\":[{\"@type\":\"SearchAction\",\"target\":{\"@type\":\"EntryPoint\",\"urlTemplate\":\"https:\/\/luana-hallein.at\/neues\/?s={search_term_string}\"},\"query-input\":{\"@type\":\"PropertyValueSpecification\",\"valueRequired\":true,\"valueName\":\"search_term_string\"}}],\"inLanguage\":\"de\"}]}<\/script>\n<!-- \/ Yoast SEO plugin. -->","yoast_head_json":{"title":"Home - Luana, das Keltenkoboldm\u00e4dchen aus Hallein","description":"15 Jahre Luana, das Keltenkoboldm\u00e4dchen aus Hallein. Meine Koboldfreunde und ich sind schon ganz aufgeregt. Mehr dazu demn\u00e4chst \u2026","robots":{"index":"index","follow":"follow","max-snippet":"max-snippet:-1","max-image-preview":"max-image-preview:large","max-video-preview":"max-video-preview:-1"},"canonical":"https:\/\/luana-hallein.at\/neues\/","og_locale":"de_DE","og_type":"article","og_title":"Home - Luana, das Keltenkoboldm\u00e4dchen aus Hallein","og_description":"15 Jahre Luana, das Keltenkoboldm\u00e4dchen aus Hallein. Meine Koboldfreunde und ich sind schon ganz aufgeregt. Mehr dazu demn\u00e4chst \u2026","og_url":"https:\/\/luana-hallein.at\/neues\/","og_site_name":"Luana, das Keltenkoboldm\u00e4dchen aus Hallein","article_modified_time":"2026-04-05T16:18:54+00:00","og_image":[{"width":800,"height":800,"url":"https:\/\/luana-hallein.at\/neues\/wp-content\/uploads\/2026\/03\/foto_6846.jpg","type":"image\/jpeg"}],"twitter_card":"summary_large_image","twitter_misc":{"Gesch\u00e4tzte Lesezeit":"2\u00a0Minuten"},"schema":{"@context":"https:\/\/schema.org","@graph":[{"@type":"WebPage","@id":"https:\/\/luana-hallein.at\/neues\/","url":"https:\/\/luana-hallein.at\/neues\/","name":"Home - Luana, das Keltenkoboldm\u00e4dchen aus Hallein","isPartOf":{"@id":"https:\/\/luana-hallein.at\/neues\/#website"},"primaryImageOfPage":{"@id":"https:\/\/luana-hallein.at\/neues\/#primaryimage"},"image":{"@id":"https:\/\/luana-hallein.at\/neues\/#primaryimage"},"thumbnailUrl":"https:\/\/luana-hallein.at\/neues\/wp-content\/uploads\/2026\/03\/foto_6846-300x300.jpg","datePublished":"2025-06-17T13:04:33+00:00","dateModified":"2026-04-05T16:18:54+00:00","description":"15 Jahre Luana, das Keltenkoboldm\u00e4dchen aus Hallein. Meine Koboldfreunde und ich sind schon ganz aufgeregt. Mehr dazu demn\u00e4chst \u2026","breadcrumb":{"@id":"https:\/\/luana-hallein.at\/neues\/#breadcrumb"},"inLanguage":"de","potentialAction":[{"@type":"ReadAction","target":["https:\/\/luana-hallein.at\/neues\/"]}]},{"@type":"ImageObject","inLanguage":"de","@id":"https:\/\/luana-hallein.at\/neues\/#primaryimage","url":"https:\/\/luana-hallein.at\/neues\/wp-content\/uploads\/2026\/03\/foto_6846.jpg","contentUrl":"https:\/\/luana-hallein.at\/neues\/wp-content\/uploads\/2026\/03\/foto_6846.jpg","width":800,"height":800},{"@type":"BreadcrumbList","@id":"https:\/\/luana-hallein.at\/neues\/#breadcrumb","itemListElement":[{"@type":"ListItem","position":1,"name":"Startseite","item":"https:\/\/luana-hallein.at\/neues\/"},{"@type":"ListItem","position":2,"name":"Home"}]},{"@type":"WebSite","@id":"https:\/\/luana-hallein.at\/neues\/#website","url":"https:\/\/luana-hallein.at\/neues\/","name":"Luana, das Keltenkoboldm\u00e4dchen aus Hallein","description":"Hallein - eine Stadt zum Verlieben","potentialAction":[{"@type":"SearchAction","target":{"@type":"EntryPoint","urlTemplate":"https:\/\/luana-hallein.at\/neues\/?s={search_term_string}"},"query-input":{"@type":"PropertyValueSpecification","valueRequired":true,"valueName":"search_term_string"}}],"inLanguage":"de"}]}},"_links":{"self":[{"href":"https:\/\/luana-hallein.at\/neues\/wp-json\/wp\/v2\/pages\/475","targetHints":{"allow":["GET"]}}],"collection":[{"href":"https:\/\/luana-hallein.at\/neues\/wp-json\/wp\/v2\/pages"}],"about":[{"href":"https:\/\/luana-hallein.at\/neues\/wp-json\/wp\/v2\/types\/page"}],"author":[{"embeddable":true,"href":"https:\/\/luana-hallein.at\/neues\/wp-json\/wp\/v2\/users\/1"}],"replies":[{"embeddable":true,"href":"https:\/\/luana-hallein.at\/neues\/wp-json\/wp\/v2\/comments?post=475"}],"version-history":[{"count":19,"href":"https:\/\/luana-hallein.at\/neues\/wp-json\/wp\/v2\/pages\/475\/revisions"}],"predecessor-version":[{"id":675,"href":"https:\/\/luana-hallein.at\/neues\/wp-json\/wp\/v2\/pages\/475\/revisions\/675"}],"wp:attachment":[{"href":"https:\/\/luana-hallein.at\/neues\/wp-json\/wp\/v2\/media?parent=475"}],"curies":[{"name":"wp","href":"https:\/\/api.w.org\/{rel}","templated":true}]}}